{"id":742,"date":"2017-10-20T13:22:11","date_gmt":"2017-10-20T16:22:11","guid":{"rendered":"http:\/\/comeca.uy\/?page_id=742"},"modified":"2017-10-20T13:22:11","modified_gmt":"2017-10-20T16:22:11","slug":"reserva-web","status":"publish","type":"page","link":"https:\/\/comeca.uy\/web\/reserva-web\/","title":{"rendered":"Reserva web"},"content":{"rendered":"\n<p><strong>Sr. Afiliado esta modalidad de reserva o anulaci\u00f3n de consultas ON LINE est\u00e1 habilitada para las siguientes especialidades: <\/strong><\/p>\n\n\n\n<ul class=\"wp-block-list\">\n<li><strong>Medicina general <\/strong><\/li>\n\n\n\n<li><strong>Pediatr\u00eda<\/strong><\/li>\n\n\n\n<li><strong>Ginec\u00f3logia <\/strong><\/li>\n\n\n\n<li><strong>Cardiolg\u00eda <\/strong><\/li>\n\n\n\n<li><strong>Oftalmolog\u00eda <\/strong><\/li>\n\n\n\n<li><strong>Anestesilog\u00eda <\/strong><\/li>\n\n\n\n<li><strong>Cirug\u00eda<\/strong><\/li>\n\n\n\n<li><strong>Endocrinolog\u00eda<\/strong><\/li>\n\n\n\n<li><strong>Gastroenterolog\u00eda<\/strong><\/li>\n\n\n\n<li><strong>Neumolog\u00eda <\/strong><\/li>\n<\/ul>\n\n\n\n<p><\/p>\n\n\n\n<p><strong>Por otro lado, tambi\u00e9n se puede reservar para:<\/strong><\/p>\n\n\n\n<p><strong>&#8211; Extracciones para An\u00e1lisis Cl\u00ednicos<\/strong><br><strong>&#8211; Vacunaciones<\/strong><br>&#8211;<strong> Entrega de Medicamentos<\/strong><br>&#8211;<strong> Repetici\u00f3n de Medicamentos<\/strong><\/p>\n\n\n\n<h3 class=\"wp-block-heading\"><strong>As\u00ed mismo se podr\u00e1n anular por esta v\u00eda solo aquellas \u00f3rdenes que no se hayan pagado o que tengan valor cero <\/strong><\/h3>\n\n\n\n<p><\/p>\n\n\n\n<h4 class=\"has-text-align-center wp-block-heading\"><a href=\"https:\/\/comeca.uy\/wp-content\/uploads\/2017\/10\/ReservaWEB.pdf\" target=\"_blank\" rel=\"noopener noreferrer\">Presione aqui para descargar el instructivo de reserva web<\/a><\/h4>\n\n\n<div class=\"wp-block-image\">\n<figure class=\"aligncenter\"><a href=\"https:\/\/app.comeca.uy\/Autogestion\/servlet\/com.mgkwebfrontend.autogestion.wpauglogin\"><img decoding=\"async\" src=\"https:\/\/comeca.uy\/wp-content\/uploads\/2017\/10\/boton-ingresar.png\" alt=\"\" class=\"wp-image-747\"\/><\/a><\/figure>\n<\/div>\n\n\n<p><\/p>\n","protected":false},"excerpt":{"rendered":"<p>Sr. Afiliado esta modalidad de reserva o anulaci\u00f3n de consultas ON LINE est\u00e1 habilitada para las siguientes especialidades: Por otro lado, tambi\u00e9n se puede reservar para: &#8211; Extracciones para An\u00e1lisis Cl\u00ednicos&#8211; Vacunaciones&#8211; Entrega de Medicamentos&#8211; Repetici\u00f3n de Medicamentos As\u00ed mismo se podr\u00e1n anular por esta v\u00eda solo aquellas \u00f3rdenes que no se hayan pagado o [&hellip;]<\/p>\n","protected":false},"author":1,"featured_media":0,"parent":0,"menu_order":0,"comment_status":"closed","ping_status":"closed","template":"","meta":{"footnotes":""},"class_list":["post-742","page","type-page","status-publish","hentry"],"_links":{"self":[{"href":"https:\/\/comeca.uy\/web\/wp-json\/wp\/v2\/pages\/742","targetHints":{"allow":["GET"]}}],"collection":[{"href":"https:\/\/comeca.uy\/web\/wp-json\/wp\/v2\/pages"}],"about":[{"href":"https:\/\/comeca.uy\/web\/wp-json\/wp\/v2\/types\/page"}],"author":[{"embeddable":true,"href":"https:\/\/comeca.uy\/web\/wp-json\/wp\/v2\/users\/1"}],"replies":[{"embeddable":true,"href":"https:\/\/comeca.uy\/web\/wp-json\/wp\/v2\/comments?post=742"}],"version-history":[{"count":0,"href":"https:\/\/comeca.uy\/web\/wp-json\/wp\/v2\/pages\/742\/revisions"}],"wp:attachment":[{"href":"https:\/\/comeca.uy\/web\/wp-json\/wp\/v2\/media?parent=742"}],"curies":[{"name":"wp","href":"https:\/\/api.w.org\/{rel}","templated":true}]}}