{"id":560,"date":"2016-05-24T08:22:41","date_gmt":"2016-05-24T11:22:41","guid":{"rendered":"http:\/\/www.comeca.uy\/web\/?page_id=560"},"modified":"2016-05-24T08:22:41","modified_gmt":"2016-05-24T11:22:41","slug":"taller-de-cesacion-tabaquica","status":"publish","type":"page","link":"https:\/\/comeca.uy\/web\/taller-de-cesacion-tabaquica\/","title":{"rendered":"Taller de cesaci\u00f3n tab\u00e1quica"},"content":{"rendered":"<p>CANELONES: Lunes y mi\u00e9rcoles 17:30 hs (previa charla inicial)<\/p>\n<p>SANTA LUCIA: Mi\u00e9rcoles 11 hs\u00a0(previa charla inicial)<\/p>\n","protected":false},"excerpt":{"rendered":"<p>CANELONES: Lunes y mi\u00e9rcoles 17:30 hs (previa charla inicial) SANTA LUCIA: Mi\u00e9rcoles 11 hs\u00a0(previa charla inicial)<\/p>\n","protected":false},"author":1,"featured_media":0,"parent":0,"menu_order":0,"comment_status":"closed","ping_status":"closed","template":"","meta":{"footnotes":""},"class_list":["post-560","page","type-page","status-publish","hentry"],"_links":{"self":[{"href":"https:\/\/comeca.uy\/web\/wp-json\/wp\/v2\/pages\/560","targetHints":{"allow":["GET"]}}],"collection":[{"href":"https:\/\/comeca.uy\/web\/wp-json\/wp\/v2\/pages"}],"about":[{"href":"https:\/\/comeca.uy\/web\/wp-json\/wp\/v2\/types\/page"}],"author":[{"embeddable":true,"href":"https:\/\/comeca.uy\/web\/wp-json\/wp\/v2\/users\/1"}],"replies":[{"embeddable":true,"href":"https:\/\/comeca.uy\/web\/wp-json\/wp\/v2\/comments?post=560"}],"version-history":[{"count":0,"href":"https:\/\/comeca.uy\/web\/wp-json\/wp\/v2\/pages\/560\/revisions"}],"wp:attachment":[{"href":"https:\/\/comeca.uy\/web\/wp-json\/wp\/v2\/media?parent=560"}],"curies":[{"name":"wp","href":"https:\/\/api.w.org\/{rel}","templated":true}]}}