{"id":447,"date":"2016-01-28T09:46:06","date_gmt":"2016-01-28T12:46:06","guid":{"rendered":"http:\/\/www.comeca.uy\/web\/?page_id=447"},"modified":"2016-01-28T09:46:06","modified_gmt":"2016-01-28T12:46:06","slug":"seguro-odontologico","status":"publish","type":"page","link":"https:\/\/comeca.uy\/web\/seguro-odontologico\/","title":{"rendered":"Seguro Odontol\u00f3gico"},"content":{"rendered":"<p>Mediante el pago de una cuota mensual accedes de inmediato ,\u00a0 a otros tratamientos con beneficios exclusivos en tu atenci\u00f3n<\/p>\n<ul>\n<li>Odontopediatr\u00eda<\/li>\n<li>Rehabilitaci\u00f3n operatoria<\/li>\n<li>Rehabilitaci\u00f3n por pr\u00f3tesis (completas o parciales)<\/li>\n<li>Endodoncias<\/li>\n<li>Periodoncias<\/li>\n<li>Ortopedia (aparatos removibles)<\/li>\n<li>Ortodoncia para adolescentes y adultos<\/li>\n<li>Placas miorelajantes<\/li>\n<\/ul>\n","protected":false},"excerpt":{"rendered":"<p>Mediante el pago de una cuota mensual accedes de inmediato ,\u00a0 a otros tratamientos con beneficios exclusivos en tu atenci\u00f3n Odontopediatr\u00eda Rehabilitaci\u00f3n operatoria Rehabilitaci\u00f3n por pr\u00f3tesis (completas o parciales) Endodoncias Periodoncias Ortopedia (aparatos removibles) Ortodoncia para adolescentes y adultos Placas miorelajantes<\/p>\n","protected":false},"author":1,"featured_media":0,"parent":0,"menu_order":0,"comment_status":"closed","ping_status":"closed","template":"","meta":{"footnotes":""},"class_list":["post-447","page","type-page","status-publish","hentry"],"_links":{"self":[{"href":"https:\/\/comeca.uy\/web\/wp-json\/wp\/v2\/pages\/447","targetHints":{"allow":["GET"]}}],"collection":[{"href":"https:\/\/comeca.uy\/web\/wp-json\/wp\/v2\/pages"}],"about":[{"href":"https:\/\/comeca.uy\/web\/wp-json\/wp\/v2\/types\/page"}],"author":[{"embeddable":true,"href":"https:\/\/comeca.uy\/web\/wp-json\/wp\/v2\/users\/1"}],"replies":[{"embeddable":true,"href":"https:\/\/comeca.uy\/web\/wp-json\/wp\/v2\/comments?post=447"}],"version-history":[{"count":0,"href":"https:\/\/comeca.uy\/web\/wp-json\/wp\/v2\/pages\/447\/revisions"}],"wp:attachment":[{"href":"https:\/\/comeca.uy\/web\/wp-json\/wp\/v2\/media?parent=447"}],"curies":[{"name":"wp","href":"https:\/\/api.w.org\/{rel}","templated":true}]}}