{"id":439,"date":"2016-01-26T14:43:22","date_gmt":"2016-01-26T17:43:22","guid":{"rendered":"http:\/\/www.comeca.uy\/web\/?page_id=439"},"modified":"2016-01-26T14:43:22","modified_gmt":"2016-01-26T17:43:22","slug":"servicios-adicionales-pre-pagos-un-plus-que-asegura-privacidad-comodidad-y-confort","status":"publish","type":"page","link":"https:\/\/comeca.uy\/web\/servicios-adicionales-pre-pagos-un-plus-que-asegura-privacidad-comodidad-y-confort\/","title":{"rendered":"Servicios Adicionales Pre Pagos un plus que asegura privacidad, comodidad y confort"},"content":{"rendered":"<p>Agr\u00e9gale un plus a tu tranquilidad<\/p>\n<ul>\n<li>Salas Individuales<\/li>\n<li>Odont\u00f3logas<\/li>\n<li>Ambulancia SEMIC<\/li>\n<\/ul>\n<p>&nbsp;<\/p>\n<p>Mediante la contrataci\u00f3n de servicios adicionales pre pagos, accedes a sistemas de atenci\u00f3n que le agregan, a la mejor asistencia m\u00e9dica del noroeste del departamento, mayor privacidad y confort en la atenci\u00f3n.<\/p>\n<p>\u00c9stos servicios los puedes contratar en cualquier momento de tu afiliaci\u00f3n y en forma independiente cada uno de ellos, existiendo seg\u00fan el caso un periodo de tiempo\u00a0 pre determinado para la adquisici\u00f3n de los derechos de uso.<\/p>\n","protected":false},"excerpt":{"rendered":"<p>Agr\u00e9gale un plus a tu tranquilidad Salas Individuales Odont\u00f3logas Ambulancia SEMIC &nbsp; Mediante la contrataci\u00f3n de servicios adicionales pre pagos, accedes a sistemas de atenci\u00f3n que le agregan, a la mejor asistencia m\u00e9dica del noroeste del departamento, mayor privacidad y confort en la atenci\u00f3n. \u00c9stos servicios los puedes contratar en cualquier momento de tu afiliaci\u00f3n [&hellip;]<\/p>\n","protected":false},"author":1,"featured_media":0,"parent":0,"menu_order":0,"comment_status":"closed","ping_status":"closed","template":"","meta":{"footnotes":""},"class_list":["post-439","page","type-page","status-publish","hentry"],"_links":{"self":[{"href":"https:\/\/comeca.uy\/web\/wp-json\/wp\/v2\/pages\/439","targetHints":{"allow":["GET"]}}],"collection":[{"href":"https:\/\/comeca.uy\/web\/wp-json\/wp\/v2\/pages"}],"about":[{"href":"https:\/\/comeca.uy\/web\/wp-json\/wp\/v2\/types\/page"}],"author":[{"embeddable":true,"href":"https:\/\/comeca.uy\/web\/wp-json\/wp\/v2\/users\/1"}],"replies":[{"embeddable":true,"href":"https:\/\/comeca.uy\/web\/wp-json\/wp\/v2\/comments?post=439"}],"version-history":[{"count":0,"href":"https:\/\/comeca.uy\/web\/wp-json\/wp\/v2\/pages\/439\/revisions"}],"wp:attachment":[{"href":"https:\/\/comeca.uy\/web\/wp-json\/wp\/v2\/media?parent=439"}],"curies":[{"name":"wp","href":"https:\/\/api.w.org\/{rel}","templated":true}]}}