{"id":3083,"date":"2024-02-15T12:12:00","date_gmt":"2024-02-15T15:12:00","guid":{"rendered":"https:\/\/comeca.uy\/?page_id=3083"},"modified":"2025-04-04T17:24:21","modified_gmt":"2025-04-04T17:24:21","slug":"vacunaciones","status":"publish","type":"page","link":"https:\/\/comeca.uy\/web\/vacunaciones\/","title":{"rendered":"Vacunaciones"},"content":{"rendered":"\n<p>Aseg\u00farate y aseg\u00farales a tus hijos, la mayor protecci\u00f3n contra las enfermedades infecto contagiosas, recibiendo en tiempo y forma, todas las vacunas del calendario nacional.<\/p>\n\n\n\n<p>Las vacunas salvan vidas, son gratuitas y para todos.<\/p>\n\n\n\n<p>Vac\u00fanate<\/p>\n\n\n\n<p><strong>CANELONES<\/strong><\/p>\n\n\n\n<p>Lunes&nbsp;de 07:30 a 11:30<\/p>\n\n\n\n<p>Martes&nbsp;y&nbsp;Jueves&nbsp;07:00 a 11:00<\/p>\n\n\n\n<p>Mi\u00e9rcoles y&nbsp;Viernes&nbsp;de 14:00 a 18:00<\/p>\n\n\n\n<p><strong>SANTA LUC\u00cdA<\/strong><\/p>\n\n\n\n<p>Lunes&nbsp;a&nbsp;Jueves&nbsp;de 14:15 a 17:00<\/p>\n\n\n\n<p>Viernes&nbsp;de 08:15 a 11:00<\/p>\n\n\n\n<p><strong>Podes agendarte por la APP y\/o WEB<\/strong><\/p>\n\n\n\n<figure data-wp-context=\"{&quot;imageId&quot;:&quot;69f49b2d7af49&quot;}\" data-wp-interactive=\"core\/image\" data-wp-key=\"69f49b2d7af49\" class=\"wp-block-image size-large has-lightbox wp-lightbox-container\"><img decoding=\"async\" data-wp-class--hide=\"state.isContentHidden\" data-wp-class--show=\"state.isContentVisible\" data-wp-init=\"callbacks.setButtonStyles\" data-wp-on--click=\"actions.showLightbox\" data-wp-on--load=\"callbacks.setButtonStyles\" data-wp-on-window--resize=\"callbacks.setButtonStyles\" src=\"https:\/\/comeca.uy\/wp-content\/uploads\/2024\/04\/Esquema_vacunacion_actual-1024x624.jpg\" alt=\"\" class=\"wp-image-3094\"\/><button\n\t\t\tclass=\"lightbox-trigger\"\n\t\t\ttype=\"button\"\n\t\t\taria-haspopup=\"dialog\"\n\t\t\taria-label=\"Agrandar\"\n\t\t\tdata-wp-init=\"callbacks.initTriggerButton\"\n\t\t\tdata-wp-on--click=\"actions.showLightbox\"\n\t\t\tdata-wp-style--right=\"state.imageButtonRight\"\n\t\t\tdata-wp-style--top=\"state.imageButtonTop\"\n\t\t>\n\t\t\t<svg xmlns=\"http:\/\/www.w3.org\/2000\/svg\" width=\"12\" height=\"12\" fill=\"none\" viewBox=\"0 0 12 12\">\n\t\t\t\t<path fill=\"#fff\" d=\"M2 0a2 2 0 0 0-2 2v2h1.5V2a.5.5 0 0 1 .5-.5h2V0H2Zm2 10.5H2a.5.5 0 0 1-.5-.5V8H0v2a2 2 0 0 0 2 2h2v-1.5ZM8 12v-1.5h2a.5.5 0 0 0 .5-.5V8H12v2a2 2 0 0 1-2 2H8Zm2-12a2 2 0 0 1 2 2v2h-1.5V2a.5.5 0 0 0-.5-.5H8V0h2Z\" \/>\n\t\t\t<\/svg>\n\t\t<\/button><\/figure>\n\n\n\n<figure class=\"wp-block-video\"><video autoplay controls src=\"https:\/\/comeca.uy\/videos\/VACUNAS2024.mp4\"><\/video><figcaption class=\"wp-element-caption\">Plan de difusi\u00f3n de vacunaciones<\/figcaption><\/figure>\n\n\n\n<div class=\"wp-block-buttons is-layout-flex wp-container-core-buttons-is-layout-a74382ec wp-block-buttons-is-layout-flex\">\n<div class=\"wp-block-button\"><a class=\"wp-block-button__link wp-element-button\" href=\"https:\/\/comeca.uy\/?p=3072\" target=\"_blank\" rel=\"noreferrer noopener\">Las vacunas tienen historia 2\/2\/2024<\/a><\/div>\n<\/div>\n\n\n\n<div class=\"wp-block-buttons is-layout-flex wp-container-core-buttons-is-layout-6b4e3324 wp-block-buttons-is-layout-flex\">\n<div class=\"wp-block-button\"><a class=\"wp-block-button__link wp-element-button\" href=\"https:\/\/comeca.uy\/?p=3027\" target=\"_blank\" rel=\"noreferrer noopener\">Las vacunas tienen historia 2\/2\/2024<\/a><\/div>\n<\/div>\n\n\n\n<hr class=\"wp-block-separator has-alpha-channel-opacity\"\/>\n\n\n\n<p><strong>Importancia de las vacunas<\/strong><\/p>\n\n\n\n<figure class=\"wp-block-video\"><video controls poster=\"https:\/\/comeca.uy\/wp-content\/uploads\/2024\/04\/2024-04-26_10h30_31.png\" src=\"https:\/\/comeca.uy\/videos\/24-04-20%20ROSARIO%20GOYETCHE%201.mp4\"><\/video><\/figure>\n\n\n\n<p><strong>Informaci\u00f3n esquema de vacunaci\u00f3n<\/strong><\/p>\n\n\n\n<figure class=\"wp-block-video\"><video controls poster=\"https:\/\/comeca.uy\/wp-content\/uploads\/2024\/04\/2024-04-26_10h30_31.png\" src=\"https:\/\/comeca.uy\/videos\/24-04-20%20ROSARIO%20GOYETCHE%202.mp4\"><\/video><\/figure>\n\n\n\n<p><strong>Informaci\u00f3n esquema de vacunaci\u00f3n<\/strong><\/p>\n\n\n\n<figure class=\"wp-block-video\"><video controls poster=\"https:\/\/comeca.uy\/wp-content\/uploads\/2024\/04\/2024-04-26_10h29_41.png\" src=\"https:\/\/comeca.uy\/videos\/24-04-20%20MARCHISSIO%20CALENDARIO.mp4\"><\/video><\/figure>\n\n\n\n<p><strong>Informaci\u00f3n BCG<\/strong><\/p>\n\n\n\n<figure class=\"wp-block-video\"><video controls src=\"https:\/\/comeca.uy\/videos\/24-04-20%20MARCHISSIO%20BCG.mp4\"><\/video><\/figure>\n\n\n\n<p><strong>Informaci\u00f3n PENTAVALENTE<\/strong><\/p>\n\n\n\n<figure class=\"wp-block-video\"><video controls poster=\"https:\/\/comeca.uy\/wp-content\/uploads\/2024\/04\/2024-04-26_10h06_26.png\" src=\"https:\/\/comeca.uy\/videos\/24-04-20%20MARCHISSIO%20PENTAVALENTE.mp4\"><\/video><\/figure>\n\n\n\n<p><strong>Informaci\u00f3n ANTINEUMOC\u00d3CICA 13<\/strong><\/p>\n\n\n\n<figure class=\"wp-block-video\"><video controls poster=\"https:\/\/comeca.uy\/wp-content\/uploads\/2024\/04\/2024-04-26_10h08_14.png\" src=\"https:\/\/comeca.uy\/videos\/24-04-20%20MARCHISSIO%20NEUMO.mp4\"><\/video><\/figure>\n\n\n\n<p><strong>Informaci\u00f3n POLIO<\/strong><\/p>\n\n\n\n<figure class=\"wp-block-video\"><video controls poster=\"https:\/\/comeca.uy\/wp-content\/uploads\/2024\/04\/2024-04-26_10h09_07.png\" src=\"https:\/\/comeca.uy\/videos\/24-04-20%20MARCHISSIO%20POLIO.mp4\"><\/video><\/figure>\n\n\n\n<p><strong>Informaci\u00f3n TRIPLE VIRAL<\/strong><\/p>\n\n\n\n<figure class=\"wp-block-video\"><video controls poster=\"https:\/\/comeca.uy\/wp-content\/uploads\/2024\/04\/2024-04-26_10h11_44.png\" src=\"https:\/\/comeca.uy\/videos\/24-04-20%20MARCHISSIO%20TRIPLE%20VIRAL.mp4\"><\/video><\/figure>\n\n\n\n<p><strong>5 mitos sobre la vacunas<\/strong><\/p>\n\n\n\n<figure class=\"wp-block-video\"><video controls poster=\"https:\/\/comeca.uy\/wp-content\/uploads\/2024\/04\/2024-04-26_11h42_27.png\" src=\"https:\/\/comeca.uy\/wp-content\/uploads\/2024\/04\/2-5-mitos-de-las-vacunas.mp4\"><\/video><\/figure>\n\n\n\n<p><\/p>\n","protected":false},"excerpt":{"rendered":"<p>Aseg\u00farate y aseg\u00farales a tus hijos, la mayor protecci\u00f3n contra las enfermedades infecto contagiosas, recibiendo en tiempo y forma, todas las vacunas del calendario nacional. Las vacunas salvan vidas, son gratuitas y para todos. Vac\u00fanate CANELONES Lunes&nbsp;de 07:30 a 11:30 Martes&nbsp;y&nbsp;Jueves&nbsp;07:00 a 11:00 Mi\u00e9rcoles y&nbsp;Viernes&nbsp;de 14:00 a 18:00 SANTA LUC\u00cdA Lunes&nbsp;a&nbsp;Jueves&nbsp;de 14:15 a 17:00 Viernes&nbsp;de [&hellip;]<\/p>\n","protected":false},"author":1,"featured_media":3546,"parent":0,"menu_order":0,"comment_status":"closed","ping_status":"closed","template":"","meta":{"footnotes":" "},"class_list":["post-3083","page","type-page","status-publish","has-post-thumbnail","hentry"],"_links":{"self":[{"href":"https:\/\/comeca.uy\/web\/wp-json\/wp\/v2\/pages\/3083","targetHints":{"allow":["GET"]}}],"collection":[{"href":"https:\/\/comeca.uy\/web\/wp-json\/wp\/v2\/pages"}],"about":[{"href":"https:\/\/comeca.uy\/web\/wp-json\/wp\/v2\/types\/page"}],"author":[{"embeddable":true,"href":"https:\/\/comeca.uy\/web\/wp-json\/wp\/v2\/users\/1"}],"replies":[{"embeddable":true,"href":"https:\/\/comeca.uy\/web\/wp-json\/wp\/v2\/comments?post=3083"}],"version-history":[{"count":1,"href":"https:\/\/comeca.uy\/web\/wp-json\/wp\/v2\/pages\/3083\/revisions"}],"predecessor-version":[{"id":3547,"href":"https:\/\/comeca.uy\/web\/wp-json\/wp\/v2\/pages\/3083\/revisions\/3547"}],"wp:featuredmedia":[{"embeddable":true,"href":"https:\/\/comeca.uy\/web\/wp-json\/wp\/v2\/media\/3546"}],"wp:attachment":[{"href":"https:\/\/comeca.uy\/web\/wp-json\/wp\/v2\/media?parent=3083"}],"curies":[{"name":"wp","href":"https:\/\/api.w.org\/{rel}","templated":true}]}}