{"id":279,"date":"2015-09-16T07:54:26","date_gmt":"2015-09-16T10:54:26","guid":{"rendered":"http:\/\/www.comeca.uy\/web\/?page_id=279"},"modified":"2015-09-16T07:54:26","modified_gmt":"2015-09-16T10:54:26","slug":"san-ramon","status":"publish","type":"page","link":"https:\/\/comeca.uy\/web\/san-ramon\/","title":{"rendered":"SAN RAM\u00d3N"},"content":{"rendered":"<table style=\"margin-left: auto; margin-right: auto; height: 766px;\" width=\"625\">\n<tbody>\n<tr>\n<td colspan=\"3\">\u00a0<a href=\"https:\/\/www.comeca.uy\/web\/wp-content\/uploads\/2015\/09\/SAN-RAMON.jpg\"><img loading=\"lazy\" decoding=\"async\" class=\"alignnone wp-image-450 \" src=\"https:\/\/www.comeca.uy\/web\/wp-content\/uploads\/2015\/09\/SAN-RAMON.jpg\" alt=\"SAN RAMON\" width=\"642\" height=\"303\" \/><\/a><\/td>\n<\/tr>\n<tr>\n<td><span style=\"font-family: 'trebuchet ms', geneva;\"><strong><span style=\"font-size: 14pt;\">FILIAL:<\/span><\/strong><\/span><\/td>\n<td><\/td>\n<td>\n<pre><span style=\"font-family: verdana, geneva;\"><strong>SAN RAM\u00d3N<\/strong><\/span><\/pre>\n<pre><strong><span style=\"font-family: verdana, geneva; font-size: 10pt;\">Direcci\u00f3n: Jos\u00e9 Enrique Rod\u00f3 s\/n, esq. Guernica.<\/span><\/strong><\/pre>\n<pre><\/pre>\n<\/td>\n<\/tr>\n<tr>\n<td><span style=\"font-size: 14pt; font-family: 'trebuchet ms', geneva;\"><strong>HORARIO DE ANTENCI\u00d3N:<\/strong><\/span><\/td>\n<td><\/td>\n<td>\n<pre><span style=\"font-family: verdana, geneva;\"><strong>LUNES A VIERNES 08:00 A 20:00 HS  \nSabado de 8:00 a 12:00 HS<\/strong><\/span><\/pre>\n<\/td>\n<\/tr>\n<tr>\n<td><span style=\"font-family: 'trebuchet ms', geneva;\"><strong><span style=\"font-size: 14pt;\">TELEFONOS INTERNOS:<\/span><\/strong><\/span><\/td>\n<td><\/td>\n<td>\n<pre><strong><span style=\"font-family: verdana, geneva;\">43122538 - Interno 8012<\/span><\/strong><\/pre>\n<\/td>\n<\/tr>\n<tr>\n<td><span style=\"font-family: 'trebuchet ms', geneva;\"><strong><span style=\"font-size: 14pt;\">MAIL:<\/span><\/strong><\/span><\/td>\n<td><\/td>\n<td>\n<pre><span style=\"font-family: verdana, geneva;\"><strong>sanramon@comeca.com.uy<\/strong><\/span><\/pre>\n<\/td>\n<\/tr>\n<tr>\n<td><\/td>\n<td><\/td>\n<td><\/td>\n<\/tr>\n<tr>\n<td><span style=\"font-family: 'trebuchet ms', geneva;\"><strong><span style=\"font-size: 14pt;\">REFERENTES DEL SECTOR:<\/span><\/strong><\/span><\/td>\n<td><\/td>\n<td>\n<pre><span style=\"background-color: #ffffff;\"><strong><span style=\"font-family: verdana, geneva;\">- Dra.: Maria del Carmen Negrin<\/span><\/strong><\/span><\/pre>\n<\/td>\n<\/tr>\n<\/tbody>\n<\/table>\n","protected":false},"excerpt":{"rendered":"<p>\u00a0 FILIAL: SAN RAM\u00d3N Direcci\u00f3n: Jos\u00e9 Enrique Rod\u00f3 s\/n, esq. Guernica. HORARIO DE ANTENCI\u00d3N: LUNES A VIERNES 08:00 A 20:00 HS Sabado de 8:00 a 12:00 HS TELEFONOS INTERNOS: 43122538 &#8211; Interno 8012 MAIL: sanramon@comeca.com.uy REFERENTES DEL SECTOR: &#8211; Dra.: Maria del Carmen Negrin<\/p>\n","protected":false},"author":1,"featured_media":0,"parent":0,"menu_order":0,"comment_status":"closed","ping_status":"closed","template":"","meta":{"footnotes":""},"class_list":["post-279","page","type-page","status-publish","hentry"],"_links":{"self":[{"href":"https:\/\/comeca.uy\/web\/wp-json\/wp\/v2\/pages\/279","targetHints":{"allow":["GET"]}}],"collection":[{"href":"https:\/\/comeca.uy\/web\/wp-json\/wp\/v2\/pages"}],"about":[{"href":"https:\/\/comeca.uy\/web\/wp-json\/wp\/v2\/types\/page"}],"author":[{"embeddable":true,"href":"https:\/\/comeca.uy\/web\/wp-json\/wp\/v2\/users\/1"}],"replies":[{"embeddable":true,"href":"https:\/\/comeca.uy\/web\/wp-json\/wp\/v2\/comments?post=279"}],"version-history":[{"count":0,"href":"https:\/\/comeca.uy\/web\/wp-json\/wp\/v2\/pages\/279\/revisions"}],"wp:attachment":[{"href":"https:\/\/comeca.uy\/web\/wp-json\/wp\/v2\/media?parent=279"}],"curies":[{"name":"wp","href":"https:\/\/api.w.org\/{rel}","templated":true}]}}