{"id":2778,"date":"2023-07-03T13:08:30","date_gmt":"2023-07-03T16:08:30","guid":{"rendered":"https:\/\/comeca.uy\/?page_id=2778"},"modified":"2025-04-03T11:53:08","modified_gmt":"2025-04-03T11:53:08","slug":"bullying","status":"publish","type":"page","link":"https:\/\/comeca.uy\/web\/bullying\/","title":{"rendered":"BULLYING"},"content":{"rendered":"\n<p>Abordaje desde la Salud Mental<\/p>\n\n\n\n<p>Gu\u00eda de Orientaci\u00f3n a Referentes Afectivos de Ni\u00f1os\/as y Adolecentes<\/p>\n\n\n\n<div data-wp-interactive=\"core\/file\" class=\"wp-block-file\"><object data-wp-bind--hidden=\"!state.hasPdfPreview\" hidden class=\"wp-block-file__embed\" data=\"https:\/\/comeca.uy\/wp-content\/uploads\/2023\/07\/COMECA_Guia_Bulling-3.pdf\" type=\"application\/pdf\" style=\"width:100%;height:900px\" aria-label=\"Incrustado de COMECA_Guia_Bulling-3.\"><\/object><a id=\"wp-block-file--media-0aaf5767-c2a4-4278-93c0-8cf7359a4d46\" href=\"https:\/\/comeca.uy\/wp-content\/uploads\/2023\/07\/COMECA_Guia_Bulling-3.pdf\">COMECA_Guia_Bulling-3<\/a><a href=\"https:\/\/comeca.uy\/wp-content\/uploads\/2023\/07\/COMECA_Guia_Bulling-3.pdf\" class=\"wp-block-file__button wp-element-button\" download aria-describedby=\"wp-block-file--media-0aaf5767-c2a4-4278-93c0-8cf7359a4d46\">Descarga<\/a><\/div>\n","protected":false},"excerpt":{"rendered":"<p>Abordaje desde la Salud Mental Gu\u00eda de Orientaci\u00f3n a Referentes Afectivos de Ni\u00f1os\/as y Adolecentes<\/p>\n","protected":false},"author":1,"featured_media":2780,"parent":0,"menu_order":0,"comment_status":"closed","ping_status":"closed","template":"","meta":{"footnotes":""},"class_list":["post-2778","page","type-page","status-publish","has-post-thumbnail","hentry"],"_links":{"self":[{"href":"https:\/\/comeca.uy\/web\/wp-json\/wp\/v2\/pages\/2778","targetHints":{"allow":["GET"]}}],"collection":[{"href":"https:\/\/comeca.uy\/web\/wp-json\/wp\/v2\/pages"}],"about":[{"href":"https:\/\/comeca.uy\/web\/wp-json\/wp\/v2\/types\/page"}],"author":[{"embeddable":true,"href":"https:\/\/comeca.uy\/web\/wp-json\/wp\/v2\/users\/1"}],"replies":[{"embeddable":true,"href":"https:\/\/comeca.uy\/web\/wp-json\/wp\/v2\/comments?post=2778"}],"version-history":[{"count":1,"href":"https:\/\/comeca.uy\/web\/wp-json\/wp\/v2\/pages\/2778\/revisions"}],"predecessor-version":[{"id":3428,"href":"https:\/\/comeca.uy\/web\/wp-json\/wp\/v2\/pages\/2778\/revisions\/3428"}],"wp:featuredmedia":[{"embeddable":true,"href":"https:\/\/comeca.uy\/web\/wp-json\/"}],"wp:attachment":[{"href":"https:\/\/comeca.uy\/web\/wp-json\/wp\/v2\/media?parent=2778"}],"curies":[{"name":"wp","href":"https:\/\/api.w.org\/{rel}","templated":true}]}}