{"id":252,"date":"2015-09-14T16:26:03","date_gmt":"2015-09-14T19:26:03","guid":{"rendered":"http:\/\/www.comeca.uy\/web\/?page_id=252"},"modified":"2015-09-14T16:26:03","modified_gmt":"2015-09-14T19:26:03","slug":"servicio-odontologico","status":"publish","type":"page","link":"https:\/\/comeca.uy\/web\/servicio-odontologico\/","title":{"rendered":"Servicio Odontol\u00f3gico"},"content":{"rendered":"<p>Atenci\u00f3n odontol\u00f3gica integral por profesionales de la instituci\u00f3n de<\/p>\n<p>acuerdo a la ordenanza del Ministerio de Salud<\/p>\n<p>&nbsp;<\/p>\n<ul>\n<li>Servicios para todos los afiliados<\/li>\n<li style=\"text-align: left;\">controles odontol\u00f3gicos peri\u00f3dicos preventivos<\/li>\n<li style=\"text-align: left;\">detecci\u00f3n precoz de patolog\u00edas<\/li>\n<li style=\"text-align: left;\">prevenci\u00f3n de las mismas<\/li>\n<li style=\"text-align: left;\">caries, maloclusiones , control de placa microbiana\u00a0\u00a0\u00a0\u00a0\u00a0\u00a0\u00a0\u00a0\u00a0\u00a0\u00a0\u00a0\u00a0\u00a0\u00a0\u00a0\u00a0\u00a0\u00a0\u00a0<wbr \/><\/li>\n<li style=\"text-align: left;\">avulsiones dentarias<\/li>\n<li style=\"text-align: left;\">cirug\u00eda maxilar y buco maxilofacial<\/li>\n<li style=\"text-align: left;\">urgencias odontol\u00f3gicas<\/li>\n<\/ul>\n<p>&nbsp;<\/p>\n<ul>\n<li>Servicios para afiliados de 0 a 12 a\u00f1os y embarazadas<\/li>\n<li>Educaci\u00f3n y prevenci\u00f3n<\/li>\n<li>Radiografias dentales<\/li>\n<li>T\u00e9cnica de Massler<\/li>\n<li>Sellantes preventivos<\/li>\n<li>Obturaciones con amalgamas, silicatos, resinas compuestas etc.<\/li>\n<\/ul>\n<p><a href=\"https:\/\/www.comeca.uy\/web\/wp-content\/uploads\/2015\/09\/odontologia.jpg\"><img loading=\"lazy\" decoding=\"async\" class=\"aligncenter wp-image-255 size-full\" src=\"https:\/\/www.comeca.uy\/web\/wp-content\/uploads\/2015\/09\/odontologia.jpg\" alt=\"odontologia\" width=\"692\" height=\"519\" \/><\/a><\/p>\n","protected":false},"excerpt":{"rendered":"<p>Atenci\u00f3n odontol\u00f3gica integral por profesionales de la instituci\u00f3n de acuerdo a la ordenanza del Ministerio de Salud &nbsp; Servicios para todos los afiliados controles odontol\u00f3gicos peri\u00f3dicos preventivos detecci\u00f3n precoz de patolog\u00edas prevenci\u00f3n de las mismas caries, maloclusiones , control de placa microbiana\u00a0\u00a0\u00a0\u00a0\u00a0\u00a0\u00a0\u00a0\u00a0\u00a0\u00a0\u00a0\u00a0\u00a0\u00a0\u00a0\u00a0\u00a0\u00a0\u00a0 avulsiones dentarias cirug\u00eda maxilar y buco maxilofacial urgencias odontol\u00f3gicas &nbsp; Servicios para afiliados [&hellip;]<\/p>\n","protected":false},"author":1,"featured_media":0,"parent":0,"menu_order":0,"comment_status":"closed","ping_status":"closed","template":"","meta":{"footnotes":""},"class_list":["post-252","page","type-page","status-publish","hentry"],"_links":{"self":[{"href":"https:\/\/comeca.uy\/web\/wp-json\/wp\/v2\/pages\/252","targetHints":{"allow":["GET"]}}],"collection":[{"href":"https:\/\/comeca.uy\/web\/wp-json\/wp\/v2\/pages"}],"about":[{"href":"https:\/\/comeca.uy\/web\/wp-json\/wp\/v2\/types\/page"}],"author":[{"embeddable":true,"href":"https:\/\/comeca.uy\/web\/wp-json\/wp\/v2\/users\/1"}],"replies":[{"embeddable":true,"href":"https:\/\/comeca.uy\/web\/wp-json\/wp\/v2\/comments?post=252"}],"version-history":[{"count":0,"href":"https:\/\/comeca.uy\/web\/wp-json\/wp\/v2\/pages\/252\/revisions"}],"wp:attachment":[{"href":"https:\/\/comeca.uy\/web\/wp-json\/wp\/v2\/media?parent=252"}],"curies":[{"name":"wp","href":"https:\/\/api.w.org\/{rel}","templated":true}]}}