{"id":2397,"date":"2015-08-06T13:56:17","date_gmt":"2015-08-06T16:56:17","guid":{"rendered":"http:\/\/www.comeca.uy\/web\/?page_id=168"},"modified":"2025-04-11T17:39:26","modified_gmt":"2025-04-11T17:39:26","slug":"tiempo-de-demora-en-acceso-a-policlinica","status":"publish","type":"page","link":"https:\/\/comeca.uy\/web\/tiempo-de-demora-en-acceso-a-policlinica\/","title":{"rendered":"Tiempo de demora en acceso a Policlinica"},"content":{"rendered":"<ul>\n<li style=\"margin-bottom: 0.0001pt;\">-Tiempo de acceso para consultas en Medicina General 24 hs.<\/li>\n<li style=\"margin-bottom: 0.0001pt;\">-Tiempo de acceso para consultas en Pediatr\u00eda 24 hs.<\/li>\n<li style=\"margin-bottom: 0.0001pt;\">-Tiempo de acceso para consultas en Ginecolog\u00eda 24 hs.<\/li>\n<li style=\"margin-bottom: 0.0001pt;\">-Tiempo de acceso para consultas en Cirug\u00eda General 48 hs.<\/li>\n<li style=\"margin-bottom: 0.0001pt;\">-Tiempo de acceso para consultas en el resto de especialidades m\u00e9dicas y quir\u00fargicas 30 d\u00edas.<\/li>\n<\/ul>\n<div><\/div>\n<p>Los tiempos considerados para estas especialidades se entienden como tiempo para acceder a un m\u00e9dico de la especialidad, pero no a un m\u00e9dico en particular, con pase.<\/p>\n<p>Si usted desea una consulta para un m\u00e9dico o especialista en particular dentro de la plantilla de m\u00e9dicos dela Instituci\u00f3nes posible que tenga otros tiempos de espera.<\/p>\n","protected":false},"excerpt":{"rendered":"<p>-Tiempo de acceso para consultas en Medicina General 24 hs. -Tiempo de acceso para consultas en Pediatr\u00eda 24 hs. -Tiempo de acceso para consultas en Ginecolog\u00eda 24 hs. -Tiempo de acceso para consultas en Cirug\u00eda General 48 hs. -Tiempo de acceso para consultas en el resto de especialidades m\u00e9dicas y quir\u00fargicas 30 d\u00edas. Los tiempos [&hellip;]<\/p>\n","protected":false},"author":1,"featured_media":0,"parent":0,"menu_order":0,"comment_status":"closed","ping_status":"closed","template":"","meta":{"footnotes":""},"class_list":["post-2397","page","type-page","status-publish","hentry"],"_links":{"self":[{"href":"https:\/\/comeca.uy\/web\/wp-json\/wp\/v2\/pages\/2397","targetHints":{"allow":["GET"]}}],"collection":[{"href":"https:\/\/comeca.uy\/web\/wp-json\/wp\/v2\/pages"}],"about":[{"href":"https:\/\/comeca.uy\/web\/wp-json\/wp\/v2\/types\/page"}],"author":[{"embeddable":true,"href":"https:\/\/comeca.uy\/web\/wp-json\/wp\/v2\/users\/1"}],"replies":[{"embeddable":true,"href":"https:\/\/comeca.uy\/web\/wp-json\/wp\/v2\/comments?post=2397"}],"version-history":[{"count":1,"href":"https:\/\/comeca.uy\/web\/wp-json\/wp\/v2\/pages\/2397\/revisions"}],"predecessor-version":[{"id":3572,"href":"https:\/\/comeca.uy\/web\/wp-json\/wp\/v2\/pages\/2397\/revisions\/3572"}],"wp:attachment":[{"href":"https:\/\/comeca.uy\/web\/wp-json\/wp\/v2\/media?parent=2397"}],"curies":[{"name":"wp","href":"https:\/\/api.w.org\/{rel}","templated":true}]}}