{"id":227,"date":"2015-09-07T16:29:25","date_gmt":"2015-09-07T19:29:25","guid":{"rendered":"http:\/\/www.comeca.uy\/web\/?page_id=227"},"modified":"2015-09-07T16:29:25","modified_gmt":"2015-09-07T19:29:25","slug":"educacion-en-salud","status":"publish","type":"page","link":"https:\/\/comeca.uy\/web\/educacion-en-salud\/","title":{"rendered":"Educaci\u00f3n en Salud"},"content":{"rendered":"<p><strong><u>Promover la Salud de los ni\u00f1os, Adolescentes y Adultos es una prioridad en el nuevo Sistema Integral de Salud<\/u><\/strong><strong>.<\/strong><\/p>\n<p><strong><u>Programa Nacional de la Ni\u00f1ez:<\/u><\/strong><\/p>\n<p>Establece que todos los ni\u00f1os y ni\u00f1as deben ser controlados en sus primeros a\u00f1os de vida para vigilar\u00a0 el crecimiento, alimentaci\u00f3n, maduraci\u00f3n, ense\u00f1ar medidas para la prevenci\u00f3n de enfermedades o detener su avance y atenuar\u00a0 sus consecuencias una vez que est\u00e1n establecidas.<\/p>\n<p><strong><u>PRIMER A\u00d1O DE VIDA:<\/u><\/strong><\/p>\n<p>&nbsp;<\/p>\n<p><u>2 Controles en el primer mes de vida:<\/u><\/p>\n<p>&#8211; Primero antes de los 10 d\u00edas de vida.<\/p>\n<p>&#8211; Segundo cuando cumple su primer mes.<\/p>\n<p><u>1 Control hasta los 6 meses de vida:<\/u><\/p>\n<p>&#8211; 2, 3, 4, 5 y 6 meses.<\/p>\n<p><u>1 Control Bimensual:<\/u><\/p>\n<p>&#8211; 8, 10 y 12 meses.<\/p>\n<p>&#8211; Adem\u00e1s debe realizarse la Ecograf\u00eda de Cadera entre los 2 y 4 meses de vida.<\/p>\n<p>&#8211; El Pediatra en el control de los 4 meses llenara un Formulario sobre \u201cControl de Maduraci\u00f3n\u201d.<\/p>\n<p>&#8211; Entre el 8 y 12 mes se hace el control de Anemia, mediante la determinaci\u00f3n Hemoglobina Capilar.<\/p>\n<p>&#8211; Debe tener Carne de Vacunas Vigente.<\/p>\n<p>&nbsp;<\/p>\n<p>&nbsp;<\/p>\n<p><strong><u>SEGUNDO A\u00d1O DE VIDA:<\/u><\/strong><\/p>\n<ul>\n<li>Debe realizarse 4 controles, a los 15, 18,21 y 24 meses respectivamente-<\/li>\n<li>En el control de los 18 meses, el Pediatra llenar\u00e1 Formulario sobre \u201cControl Madurativo\u201d<\/li>\n<li>Carne de Vacunas Vigente.<\/li>\n<\/ul>\n<p>&nbsp;<\/p>\n<p><strong><u>TERCER A\u00d1O DE VIDA:<\/u><\/strong><\/p>\n<ul>\n<li>Debe realizarse 3 controles, a los 2 a\u00f1os y 4 meses, 2 a\u00f1os y 8 meses y a los 3 a\u00f1os.<\/li>\n<li>Carne de Vacunas Vigentes.<\/li>\n<li>Control con Odont\u00f3logo, para valorar Salud Bucal.<\/li>\n<\/ul>\n<p><strong><u>CUARTO A\u00d1O DE VIDA:<\/u><\/strong><\/p>\n<ul>\n<li>Debe realizarse 3 controles, a los 3 a\u00f1os y 4 meses, 3 a\u00f1os y 8 meses y a los 4 a\u00f1os.<\/li>\n<li>Debe tener Carne de Vacunas Vigente.<\/li>\n<li>Control con Odont\u00f3logo.<\/li>\n<li>Control con Oftalm\u00f3logo Anual.<\/li>\n<\/ul>\n<p>&nbsp;<\/p>\n<p><strong><u>QUINTO A\u00d1O DE VIDA:<\/u><\/strong><\/p>\n<ul>\n<li>Debe realizarse 2 controles, a los 4 a\u00f1os y 6 meses y a los 5 a\u00f1os.<\/li>\n<li>Debe tener Carne de Vacunas Vigente.<\/li>\n<li>Control con Odont\u00f3logo.<\/li>\n<li>Control con Oftalm\u00f3logo.<\/li>\n<\/ul>\n<p><strong><u>TODAS LAS ORDENES CORRESPONDIENTES A LOS CONTROLES SON GRATUITAS.<\/u><\/strong><\/p>\n<p>&nbsp;<\/p>\n<p><strong><u>EMBARAZADA:<\/u><\/strong><\/p>\n<p>Te recordamos que antes la sospecha de estar embarazada debes consultar en forma inmediata con Ginec\u00f3logo o Medico de Medicina General para confirmar diagnostico y solicitud de beneficios en ordenes y an\u00e1lisis gratuitos.<\/p>\n<ul>\n<li>Debe tener como m\u00ednimo 6 controles con Ginec\u00f3logo para tener un correcto seguimiento del embarazo y evitar complicaciones.<\/li>\n<li>Debe tener un Control Odontol\u00f3gico para control de Salud Bucal; as\u00ed como debe realizarse ex\u00e1menes paracl\u00ednicos al inicio del embarazo y en el tercer trimestre, que son necesarios para controlar la salud de la madre y el bebe.<\/li>\n<li>Participar de los Talleres de Lactancia y Clases de Parto.<\/li>\n<li>Debe leer la \u201cGu\u00eda de la Embarazada, Reci\u00e9n Nacido y Ni\u00f1o\u201d que le entrega la instituci\u00f3n al comienzo del embarazo (Ginec\u00f3logo).<\/li>\n<\/ul>\n<p>&nbsp;<\/p>\n<p>&nbsp;<\/p>\n<p><strong>En CO.ME.CA. IAMPP contamos con un Medico de Referencia dirigido\u00a0 a los distintos grupos et\u00e1reos.<\/strong><\/p>\n<p><strong><u>ADOLESCENTES DE 12 A 19 A\u00d1OS:<\/u><\/strong><\/p>\n<ul>\n<li>De 12 a 14 a\u00f1os, le corresponde un control anual con su Medico de Referencia, que debe ser pediatra; donde se le entregar\u00e1 el Carne de Adolescente y se completara la HOJA SIA.<\/li>\n<li>Adem\u00e1s le corresponde 2 controles con Odont\u00f3logo y en la poblaci\u00f3n de 12 a\u00f1os, se agrega un control Oftalmol\u00f3gico.<\/li>\n<li>De 15 a 19 a\u00f1os, un control gratuito anual con Medico de Referencia, que debe ser Medico de Medicina General; 2 controles odontol\u00f3gicos y un control con Ginec\u00f3logo, en el caso de las mujeres.<\/li>\n<\/ul>\n<p>En estos controles se completa HOJA SIA y se entrega el Carne de Adolescente actualizado.<\/p>\n<p>&nbsp;<\/p>\n<p><strong><u>ADULTOS ENTRE 45 Y 64 A\u00d1OS:<\/u><\/strong><\/p>\n<ul>\n<li>Se trabaja en la detecci\u00f3n de enfermedades cr\u00f3nicas y detecci\u00f3n de Factores de Riesgo Cardiovascular, como tabaquismo, Diabetes, Obesidad\/Sobrepeso, HTA, Dislipemia, Sedentarismo, Alimentaci\u00f3n,etc.<\/li>\n<li>Pesquisa de Antecedente Familiares de patol\u00f3gica oncol\u00f3gica de colon y mama.<\/li>\n<li>Se realiza un control cada 2 a\u00f1os con Medico de Referencia, llenando Hoja de Identificaci\u00f3n del Usuario, con controles Antropom\u00e9tricos (Peso,Talla,IMC, Cintura) y solicitud de paracl\u00ednica especifica como Glicemia, Colesterolemia y Fecatest.<\/li>\n<\/ul>\n<p><strong><u>ADULTOS DE 65 A 74 A\u00d1OS:<\/u><\/strong><\/p>\n<ul>\n<li>De acuerdo al Programa Nacional del Adulto Mayor, en CO.ME.CA. IAMPP se realizan controles gratuitos anuales, con su Medico de Referencia; entrega de CAM y registro de 5 preguntas claves en la historia Cl\u00ednica para valorar ca\u00eddas frecuentes, quejas cognitivas, alteraciones del estado de animo, dificultades de las actividades de la vida diaria instrumentales (AVDI) y de autocuidado que pudiera presentar el Adulto Mayor.<\/li>\n<\/ul>\n<p><strong><u>ADULTOS MAYORES DE 75 A\u00d1OS:<\/u><\/strong><\/p>\n<p>&#8211; En este grupo et\u00e1reo igual que en el anterior de acuerdo al Programa Nacional del Adulto Mayor, se realizan 2 controles anuales con Medico de Referencia, actualizando CAM y registro de 5 preguntas claves en Historia Cl\u00ednica.<\/p>\n<p><strong>Informaci\u00f3n sobre el correcto uso de inhaladores:<\/strong><\/p>\n<p>https:\/\/use-inhalers.com\/<\/p>\n","protected":false},"excerpt":{"rendered":"<p>Promover la Salud de los ni\u00f1os, Adolescentes y Adultos es una prioridad en el nuevo Sistema Integral de Salud. Programa Nacional de la Ni\u00f1ez: Establece que todos los ni\u00f1os y ni\u00f1as deben ser controlados en sus primeros a\u00f1os de vida para vigilar\u00a0 el crecimiento, alimentaci\u00f3n, maduraci\u00f3n, ense\u00f1ar medidas para la prevenci\u00f3n de enfermedades o detener [&hellip;]<\/p>\n","protected":false},"author":1,"featured_media":0,"parent":0,"menu_order":0,"comment_status":"closed","ping_status":"closed","template":"","meta":{"footnotes":""},"class_list":["post-227","page","type-page","status-publish","hentry"],"_links":{"self":[{"href":"https:\/\/comeca.uy\/web\/wp-json\/wp\/v2\/pages\/227","targetHints":{"allow":["GET"]}}],"collection":[{"href":"https:\/\/comeca.uy\/web\/wp-json\/wp\/v2\/pages"}],"about":[{"href":"https:\/\/comeca.uy\/web\/wp-json\/wp\/v2\/types\/page"}],"author":[{"embeddable":true,"href":"https:\/\/comeca.uy\/web\/wp-json\/wp\/v2\/users\/1"}],"replies":[{"embeddable":true,"href":"https:\/\/comeca.uy\/web\/wp-json\/wp\/v2\/comments?post=227"}],"version-history":[{"count":0,"href":"https:\/\/comeca.uy\/web\/wp-json\/wp\/v2\/pages\/227\/revisions"}],"wp:attachment":[{"href":"https:\/\/comeca.uy\/web\/wp-json\/wp\/v2\/media?parent=227"}],"curies":[{"name":"wp","href":"https:\/\/api.w.org\/{rel}","templated":true}]}}