{"id":223,"date":"2015-09-07T16:18:53","date_gmt":"2015-09-07T19:18:53","guid":{"rendered":"http:\/\/www.comeca.uy\/web\/?page_id=223"},"modified":"2015-09-07T16:18:53","modified_gmt":"2015-09-07T19:18:53","slug":"servicios","status":"publish","type":"page","link":"https:\/\/comeca.uy\/web\/servicios\/","title":{"rendered":"Servicios"},"content":{"rendered":"<p>NIVELES DE ATENCI\u00d3N<\/p>\n<h1>PRIMER NIVEL DE ATENCI\u00d3N<\/h1>\n<ol>\n<li>Policl\u00ednicas de atenci\u00f3n ambulatoria a nivel central<\/li>\n<li>Policl\u00ednicas de filiales<\/li>\n<\/ol>\n<p>La atenci\u00f3n en policl\u00ednicas se realiza con un amplio y calificado staff m\u00e9dico, que comprende las siguientes\u00a0 especialidades:<\/p>\n<ul>\n<li>Acupuntura<\/li>\n<li>Alergolog\u00eda<\/li>\n<li>Alergolog\u00eda Infantil<\/li>\n<li>Anestesiolog\u00eda<\/li>\n<li>Asma Infantil<\/li>\n<li>Cardiolog\u00eda<\/li>\n<li>Cardiolog\u00eda Infantil<\/li>\n<li>Cirug\u00eda<\/li>\n<li>Cirug\u00eda Vascular<\/li>\n<li>Cirug\u00eda Ano Rectal<\/li>\n<li>Cirug\u00eda Infantil<\/li>\n<li>Cirug\u00eda Pl\u00e1stica<\/li>\n<li>Cirugia Odontologica<\/li>\n<li>Cirug\u00eda de t\u00f3rax<\/li>\n<li>Dermatolog\u00eda<\/li>\n<li>Diabetolog\u00eda<\/li>\n<li>Endocrinolog\u00eda<\/li>\n<li>Fertilizacion Asistida<\/li>\n<li>Fisiatr\u00eda<\/li>\n<li>Fonoaudiolog\u00eda<\/li>\n<li>Gastroenterolog\u00eda<\/li>\n<li>Gastroenterolog\u00eda Infantil<\/li>\n<li>Geriatr\u00eda<\/li>\n<li>Ginecolog\u00eda y Obstetricia<\/li>\n<li>Hematolog\u00eda<\/li>\n<li>Infectolog\u00edaCl\u00ednica<\/li>\n<li>Medicina Interna<\/li>\n<li>Medicina Intensiva<\/li>\n<li>Nefrolog\u00eda<\/li>\n<li>Nefrolog\u00eda Infantil<\/li>\n<li>Neonatolog\u00eda<\/li>\n<li>Neumolog\u00eda<\/li>\n<li>Neurocirug\u00eda<\/li>\n<li>Neurolog\u00eda<\/li>\n<li>Neuropediatr\u00eda<\/li>\n<li>Neuropsicolog\u00eda<\/li>\n<li>Nutricionista<\/li>\n<li>Odontolog\u00eda<\/li>\n<li>Oftalmolog\u00eda<\/li>\n<li>Oncolog\u00eda<\/li>\n<li>Otorrinolaringolog\u00eda &#8211; ORL<\/li>\n<li>Pediatr\u00eda<\/li>\n<li>Podolog\u00eda<\/li>\n<li>Psicolog\u00eda<\/li>\n<li>Psicoterapia<\/li>\n<li>Psiquiatr\u00eda<\/li>\n<li>Psiquiatr\u00eda Infantil<\/li>\n<li>Reumatolog\u00eda<\/li>\n<li>Traumatolog\u00eda<\/li>\n<li>Traumatologia Infantil<\/li>\n<li>Urolog\u00eda<\/li>\n<li>Urolog\u00eda Infantil<\/li>\n<\/ul>\n<p>Desarrollamos Policl\u00ednicas especiales orientadas a atender diferentes patolog\u00edas, muchas con un abordaje interdisciplinario:<\/p>\n<ul>\n<li>Multidisciplinaria de Columna<\/li>\n<li>Oncolog\u00eda \u2013 Comit\u00e9 de Tumores<\/li>\n<li>Unidad de Patolog\u00eda Piso P\u00e9lvico<\/li>\n<li>Policl\u00ednica de Diabetes<\/li>\n<li>Trastornos adictivos<\/li>\n<li>Toxina Botul\u00edmica<\/li>\n<li>Cirug\u00eda de Patolog\u00eda Mamaria.<\/li>\n<li>Patolog\u00eda Trofoulcerosa<\/li>\n<li>Anestesiolog\u00eda &#8211; Tratamiento del Dolor<\/li>\n<li>Traumatolog\u00eda \u2013 Policl\u00ednica de Ortopedia<\/li>\n<li>Traumatolog\u00eda \u2013 Policl\u00ednica de Hombro<\/li>\n<li>Traumatolog\u00eda \u2013 Policl\u00ednica de Columna<\/li>\n<li>Ortodoncia y Ortopedia odontol\u00f3gica<\/li>\n<li>Policl\u00ednica de Repetici\u00f3nde Medicaci\u00f3nCr\u00f3nica<\/li>\n<li>Examen psicof\u00edsico para la libreta de conducir<\/li>\n<li>Programa CRECER : Clases de parto sin temor y asesoramiento en Lactancia<\/li>\n<\/ul>\n<ul>\n<li>Taller para Cesaci\u00f3n de Tabaquismo<\/li>\n<li>Educaci\u00f3n en Asma infantil<\/li>\n<li>Talleres para Adolescentes<\/li>\n<li>Talleres para Tratamiento de Adicciones<\/li>\n<li>Hospital de D\u00eda \u2013 Tercera Edad<\/li>\n<li>Policl\u00ednicas de Evaluaci\u00f3n Geri\u00e1trica<\/li>\n<li>Talleres para familiares de pacientes con Alzheimer<\/li>\n<li>Policl\u00ednica de ginecolog\u00eda para ni\u00f1as y adolescentes<\/li>\n<li>Policl\u00ednica Tracto Genital Femenino : en la misma consulta PAP- COLPOSCOPIA Y Exudado Vaginal<\/li>\n<li>Imagenolog\u00eda Mamaria : Mamograf\u00eda y Ecograf\u00eda en la misma consulta<\/li>\n<li>Policl\u00ednica Ano \u2013Rectal.<\/li>\n<li>Policlinica Ulceras ( Flebologia)<\/li>\n<\/ul>\n<p>&nbsp;<\/p>\n<ul>\n<li><strong>ELECTROCONVULSOTERAPIA <\/strong><\/li>\n<\/ul>\n<p>&nbsp;<\/p>\n<p><strong>GRUPOS PSICOTERAPIAS<\/strong><\/p>\n<ul>\n<li><strong>Policl\u00ednicas para familiares de pacientes con Esquizofrenia y trastorno bipolar<\/strong><\/li>\n<li><strong>Policl\u00ednicas para personas v\u00edctimas de VD<\/strong><\/li>\n<li><strong>Policl\u00ednicas para familiares de personas con muerte inesperada<\/strong><\/li>\n<li><strong>Policlinicas para pacientes y familiares en tratamiento oncol\u00f3gico<\/strong><\/li>\n<li><strong>Policlinicas para familiares de pacientes con adicciones<\/strong><\/li>\n<li><strong>Espacio Adolescente<\/strong><\/li>\n<\/ul>\n<h1>Servicios:<\/h1>\n<ul>\n<li><strong>Servicio y Seguro odontol\u00f3gico<\/strong>: con <strong>radiolog\u00eda exclusiva<\/strong> del sector<\/li>\n<li><strong>Fisiatr\u00eda<\/strong>: \u00e1reas de fisioterapia, piscina para hidroterapia y gimnasio.<\/li>\n<li><strong>Hospital de d\u00eda para el Adulto Mayor y \u00e1rea de Geriatr\u00eda<\/strong>.<\/li>\n<li><strong>Carnet de salud<\/strong>.<\/li>\n<li><strong>Estudios Neumolog\u00eda<\/strong>: Funcional respiratorio, Test de la Marcha<\/li>\n<li><strong>Estudios auditivos<\/strong> , cabina de Audiometr\u00eda. <strong>Impedanciometria , Microscopia en ORL, Emisiones Otoac\u00fasticas, Audiograma, Logoaudiometr\u00eda, Bater\u00eda Sonora<\/strong><\/li>\n<li><strong>\u00c1rea oftalmol\u00f3gica<\/strong>: estudios visuales. <strong>Estudio de estrabismo, Paquimetria, Perimetr\u00eda Computarizada, Refractometr\u00eda, Curva de presi\u00f3n ocular, Campo Visual, V\u00eda Lagrimal<\/strong><\/li>\n<li><strong>Vacunaciones<\/strong>.<\/li>\n<li><strong>\u00c1reas de Pediatr\u00eda<\/strong>: consultorios exclusivos de pediatr\u00eda con cambiadores .<\/li>\n<li><strong>\u00c1rea de Ginecolog\u00eda<\/strong>: consultorios ginecol\u00f3gicos con ba\u00f1o incluido, Papanicolau, colposcop\u00eda, Estudio urodin\u00e1mico, Bio Feed Back, crioterapia, etc.<\/li>\n<li><strong>\u00c1rea de Traumatolog\u00eda<\/strong>: consultorio traumatolog\u00eda y sala de yesos.<\/li>\n<li><strong>Enfermer\u00edas de policl\u00ednicas<\/strong> con boxes de atenci\u00f3n <strong>, Nebulizaciones, curaciones , inyectables, infiltraciones , peque\u00f1as cirug\u00edas dermatol\u00f3gicas ambulatorias.<\/strong><\/li>\n<li><strong>\u00c1rea de Cardiolog\u00eda<\/strong>: consultorios cardiol\u00f3gicos, equipados para la realizaci\u00f3n de estudios cardiol\u00f3gicos: ergometr\u00edas, ecocardiogramas, ECG , <strong>HOLTER\u00a0 y monitoreo de Presion Arterial (MAPA) .<\/strong><\/li>\n<li><strong>\u00c1rea de Imagenolog\u00eda<\/strong>: Consultorio de Ecograf\u00edas y Mamograf\u00edas, con conexi\u00f3n interna y ba\u00f1o exclusivo del \u00e1rea.<\/li>\n<li><strong>Servicio de Radiolog\u00eda:<\/strong>, salas de rayos con ba\u00f1o, centro de comando sala de informes. <strong>Radiologia Digitalizada<\/strong><\/li>\n<li><strong>Salas de extracciones para an\u00e1lisis cl\u00ednicos.<\/strong><\/li>\n<li><strong>Servicio de Endoscop\u00eda <\/strong>\n<ul>\n<li><strong>Digestiva: Fibrogastroscop\u00eda, Fibrocolonoscopia, Rectosigmoidoscop\u00eda, Colangio endosc\u00f3pica retr\u00f3grada, Papilectom\u00eda, Esclerosis de V\u00e1rices esof\u00e1gicas, Polipectom\u00eda con electrofulguraci\u00f3n, Gastrostom\u00eda percut\u00e1nea.<\/strong><\/li>\n<li><strong>Respiratoria: Fibrobroncoscop\u00eda, Fibrolaringoscop\u00eda.<\/strong><\/li>\n<li><strong>Ginecol\u00f3gica<\/strong>, <strong>Histeroscopias <\/strong><\/li>\n<\/ul>\n<\/li>\n<li><strong>Servicio de Tomograf\u00eda Computada<\/strong> con Sala de espera, Recepci\u00f3n, Servicios Higi\u00e9nicos (incluye ba\u00f1o accesible para discapacitados), <strong>vestidores<\/strong> para pacientes, con acceso: para pacientes ambulatorios, pacientes en camilla y acceso desde el sanatorio.<\/li>\n<li><strong>Servicio de Poliquimioterapia<\/strong> con 4 puestos, con ba\u00f1o exclusivo accesible para discapacitados,<\/li>\n<li><strong>Servicio de Resonancia Nuclear Magn\u00e9tica<\/strong>: Recepci\u00f3n, Administraci\u00f3n, Sala de espera, Servicios higi\u00e9nicos para el p\u00fablico accesibles para discapacitados, vestuario para pacientes, Sala del Resonador, \u00c1rea t\u00e9cnica, Sala de informes, Enfermer\u00eda Limpia, Sala de recuperaci\u00f3n de anestesia,<\/li>\n<li><strong>Laboratorio de An\u00e1lisis Cl\u00ednicos, Bacteriologia<\/strong><\/li>\n<li>Servicio de Anatom\u00eda Patol\u00f3gica<\/li>\n<li><\/li>\n<li><strong>HEMOTERAPIA y Banco de Sangre , sala exclusiva para donantes.<\/strong><\/li>\n<li><strong>SERVICO DE NEFROLOGIA (SENECC) Di\u00e1lisis Cr\u00f3nica , con equipamiento para 15 pacientes en doble turno. <\/strong><\/li>\n<li><strong>DESPACHO de MEDICAMENTOS <\/strong><\/li>\n<li><strong>Dispensaci\u00f3n hospitalaria por DOSIS UNITARIA <\/strong><\/li>\n<li><strong>Servicio de NUTRICION y DIETETICA <\/strong><\/li>\n<\/ul>\n<h1>SEGUNDO NIVEL DE ATENCI\u00d3N<\/h1>\n<ul>\n<li>SANATORIO N\u00ba1 CANELONES: <strong>con 89 Camas de Cuidados Moderados\u00a0 semiprivadas ,\u00a0\u00a0 salas exclusivas de Pediatr\u00eda , Internaci\u00f3n PRIVADA INDIVIDUAL . cuatros salas de Operaciones, Centro de esterilizaciones \u00a0, dos salas de preparto y\u00a0 dos salas de parto. <\/strong><\/li>\n<li>SANATORIO N\u00ba2 SANTA LUC\u00cdA: <strong>con 25 camas de Cuidados Moderados , 2 de Internaci\u00f3n PRIVADA individual , una exclusiva de pediatr\u00eda y sala de Aislamiento . Sala de operaciones , recuperaci\u00f3n post anest\u00e9sica .<\/strong><\/li>\n<\/ul>\n<p><strong>\u00a0<\/strong><\/p>\n<ul>\n<li>INTERPSIQUIS: Sanatorio de Internaci\u00f3n Psiqui\u00e1trica <strong>de Agudos, en sanatorio n\u00ba2 con 13 camas en salas semiprivadas , sal\u00f3n comedor\u00a0 con Televisi\u00f3n,\u00a0 patio AL aire libre, sal de recreaci\u00f3n con bicicleta fija,\u00a0<\/strong><strong>equipos d m\u00fasica, colchonetas para yoga y gimnasia. Consultorio Psiqui\u00e1trico\u00a0 exclusivo.<\/strong><\/li>\n<\/ul>\n<p><strong>\u00a0<\/strong><\/p>\n<ul>\n<li><strong>Dos Servicios de <\/strong>EMERGENCIAS <strong>uno en Canelones y otro en Santa Lucia equipados para\u00a0 Emergencias y urgencias con salas exclusivas de reanimaci\u00f3n , consultorios, camas de breve estad\u00eda\u00a0 y boxes.<\/strong><\/li>\n<\/ul>\n<h1>TERCER\u00a0 NIVEL DE ATENCI\u00d3N<\/h1>\n<ul>\n<li>UCEP: Unidad de Cuidados Especiales Pedi\u00e1tricos, Cuidados Intensivos y Neonatales.<\/li>\n<li>UMIC: Unidad Medicina Intensiva COMECA IAMPP.<\/li>\n<li>UCIC: Unidad de Cuidados Intermedios de COMECA IAMPP.<\/li>\n<\/ul>\n<p><strong>COMIT\u00c9S <\/strong><\/p>\n<ul>\n<li><strong>Comit\u00e9 de Etica y Calidad de Atenci\u00f3n<\/strong><\/li>\n<li><strong>Comit\u00e9 de Infecciones<\/strong><\/li>\n<li><strong>Comit\u00e9 de Tumores<\/strong><\/li>\n<li><strong>Comit\u00e9 de Seguridad del Paciente<\/strong><\/li>\n<li><strong>Comit\u00e9 de Farmacia y Terap\u00e9utica<\/strong><\/li>\n<\/ul>\n<p><strong>M\u00c9DICO A DOMICILIO<\/strong><\/p>\n<p><strong>PROCUIDO I Y II<\/strong><\/p>\n","protected":false},"excerpt":{"rendered":"<p>NIVELES DE ATENCI\u00d3N PRIMER NIVEL DE ATENCI\u00d3N Policl\u00ednicas de atenci\u00f3n ambulatoria a nivel central Policl\u00ednicas de filiales La atenci\u00f3n en policl\u00ednicas se realiza con un amplio y calificado staff m\u00e9dico, que comprende las siguientes\u00a0 especialidades: Acupuntura Alergolog\u00eda Alergolog\u00eda Infantil Anestesiolog\u00eda Asma Infantil Cardiolog\u00eda Cardiolog\u00eda Infantil Cirug\u00eda Cirug\u00eda Vascular Cirug\u00eda Ano Rectal Cirug\u00eda Infantil Cirug\u00eda Pl\u00e1stica [&hellip;]<\/p>\n","protected":false},"author":1,"featured_media":0,"parent":0,"menu_order":0,"comment_status":"closed","ping_status":"closed","template":"","meta":{"footnotes":""},"class_list":["post-223","page","type-page","status-publish","hentry"],"_links":{"self":[{"href":"https:\/\/comeca.uy\/web\/wp-json\/wp\/v2\/pages\/223","targetHints":{"allow":["GET"]}}],"collection":[{"href":"https:\/\/comeca.uy\/web\/wp-json\/wp\/v2\/pages"}],"about":[{"href":"https:\/\/comeca.uy\/web\/wp-json\/wp\/v2\/types\/page"}],"author":[{"embeddable":true,"href":"https:\/\/comeca.uy\/web\/wp-json\/wp\/v2\/users\/1"}],"replies":[{"embeddable":true,"href":"https:\/\/comeca.uy\/web\/wp-json\/wp\/v2\/comments?post=223"}],"version-history":[{"count":0,"href":"https:\/\/comeca.uy\/web\/wp-json\/wp\/v2\/pages\/223\/revisions"}],"wp:attachment":[{"href":"https:\/\/comeca.uy\/web\/wp-json\/wp\/v2\/media?parent=223"}],"curies":[{"name":"wp","href":"https:\/\/api.w.org\/{rel}","templated":true}]}}