{"id":181,"date":"2015-08-06T17:51:59","date_gmt":"2015-08-06T20:51:59","guid":{"rendered":"http:\/\/www.comeca.uy\/web\/?page_id=181"},"modified":"2015-08-06T17:51:59","modified_gmt":"2015-08-06T20:51:59","slug":"nuestros-docentes","status":"publish","type":"page","link":"https:\/\/comeca.uy\/web\/nuestros-docentes\/","title":{"rendered":"Nuestros Docentes (anterior)"},"content":{"rendered":"<div class=\"itemHeader\">\n<h2 class=\"itemTitle\">NUESTROS DOCENTES<\/h2>\n<\/div>\n<div class=\"itemBody\">\n<div class=\"itemFullText\">\n<p><em><strong>Presentamos a nuestros Docentes , \u00a0Profesores de distintas C\u00e1tedras\u00a0de la Facultad de\u00a0Medicina\u00a0, quienes concurren \u00a0a nuestra\u00a0instituci\u00f3n\u00a0, tanto a ofrecer consultas como a supervisar \u00a0diferentes servicios \u00a0de Comeca.<\/strong><\/em><\/p>\n<h1>Prof. \u00a0Dr. Gustavo Orlando Rodr\u00edguez Temesio<\/h1>\n<p><a href=\"https:\/\/www.comeca.uy\/web\/wp-content\/uploads\/2015\/08\/P1020241.jpg\"><img loading=\"lazy\" decoding=\"async\" class=\"alignnone size-medium wp-image-572\" src=\"https:\/\/www.comeca.uy\/web\/wp-content\/uploads\/2015\/08\/P1020241-300x296.jpg\" alt=\"P1020241\" width=\"300\" height=\"296\" \/><\/a><\/p>\n<div>\n<p><strong>Grado V\u00a0\u2013 Clinica Quirurgica II Hospital Maciel Facultad de M\u00e9dicina<\/strong><\/p>\n<p><strong>Jefe Departamento de\u00a0CIRUGIA<\/strong><\/p>\n<\/div>\n<h1>Prof. Dr. Juan Andr\u00e9s Alonso Bao<\/h1>\n<p><a href=\"https:\/\/www.comeca.uy\/web\/wp-content\/uploads\/2015\/08\/PROF.ALONSO.jpg\"><img loading=\"lazy\" decoding=\"async\" class=\"alignnone size-medium wp-image-183\" src=\"https:\/\/www.comeca.uy\/web\/wp-content\/uploads\/2015\/08\/PROF.ALONSO-271x300.jpg\" alt=\"PROF.ALONSO\" width=\"271\" height=\"300\" \/><\/a><\/p>\n<div>\n<p><strong>Grado V &#8211; Medicina Interna<\/strong><\/p>\n<p><strong>Consultante de MEDICINA INTERNA<\/strong><\/p>\n<\/div>\n<h1><\/h1>\n<h1>Prof. Dr. Saul Wajskopf<\/h1>\n<h1><a href=\"https:\/\/www.comeca.uy\/web\/wp-content\/uploads\/2015\/08\/DR.WASKOPF.jpg\"><img loading=\"lazy\" decoding=\"async\" class=\"alignnone size-medium wp-image-186\" src=\"https:\/\/www.comeca.uy\/web\/wp-content\/uploads\/2015\/08\/DR.WASKOPF-295x300.jpg\" alt=\"DR.WASKOPF\" width=\"295\" height=\"300\" \/><\/a><\/h1>\n<div>\n<p><strong>Grado V \u2013 Neurolog\u00eda<\/strong><\/p>\n<p><strong>NEUROCIRUJANO- Centro Neuroquirurgico<\/strong><\/p>\n<\/div>\n<h1><\/h1>\n<h1>Prof. Dr. Oscar Luis Balboa Aparicio<\/h1>\n<div>\n<p><a href=\"https:\/\/www.comeca.uy\/web\/wp-content\/uploads\/2015\/09\/balboa_oscar.jpg\"><img loading=\"lazy\" decoding=\"async\" class=\"alignnone wp-image-543\" src=\"https:\/\/www.comeca.uy\/web\/wp-content\/uploads\/2015\/09\/balboa_oscar.jpg\" alt=\"balboa_oscar\" width=\"265\" height=\"363\" \/><\/a><\/p>\n<p><strong>Grado V \u2013 Cirug\u00eda General<\/strong><\/p>\n<p><strong>Consultante de CIRUGIA<\/strong><\/p>\n<\/div>\n<h1><\/h1>\n<h1>Prof. Dr. H\u00e9ctor Jos\u00e9 Juri \u00c1lvarez<\/h1>\n<p><a href=\"https:\/\/www.comeca.uy\/web\/wp-content\/uploads\/2015\/08\/DR.JURI_.jpg\"><img loading=\"lazy\" decoding=\"async\" class=\"alignnone size-medium wp-image-188\" src=\"https:\/\/www.comeca.uy\/web\/wp-content\/uploads\/2015\/08\/DR.JURI_-225x300.jpg\" alt=\"DR.JURI\" width=\"225\" height=\"300\" \/><\/a><\/p>\n<div>\n<p><strong>Grado V \u2013 Cirug\u00eda Pl\u00e1stica<\/strong><\/p>\n<p><strong>Coordinador de CIRUGIA PLASTICA<\/strong><\/p>\n<\/div>\n<h1><\/h1>\n<h1>Prof. Dr. Daniel Borbonet Legnani<\/h1>\n<p><a href=\"https:\/\/www.comeca.uy\/web\/wp-content\/uploads\/2015\/08\/DR.DANIEL-BORBONET.jpg\"><img loading=\"lazy\" decoding=\"async\" class=\"alignnone size-medium wp-image-193\" src=\"https:\/\/www.comeca.uy\/web\/wp-content\/uploads\/2015\/08\/DR.DANIEL-BORBONET-228x300.jpg\" alt=\"DR.DANIEL BORBONET\" width=\"228\" height=\"300\" \/><\/a><\/p>\n<div>\n<p><strong>Grado V \u2013 Neonatolog\u00eda<\/strong><\/p>\n<p><strong>Supervisor de UCEP ( unidad de Cuidados Especiales Pediatricos)<\/strong><\/p>\n<\/div>\n<h1><\/h1>\n<h1>Prof. Dr. Luis Pi\u00f1eyro<\/h1>\n<p><a href=\"https:\/\/www.comeca.uy\/web\/wp-content\/uploads\/2015\/08\/DR.PI\u00d1EYRO-003.jpg\"><img loading=\"lazy\" decoding=\"async\" class=\"alignnone size-medium wp-image-191\" src=\"https:\/\/www.comeca.uy\/web\/wp-content\/uploads\/2015\/08\/DR.PI\u00d1EYRO-003-300x280.jpg\" alt=\"DR.PI\u00d1EYRO 003\" width=\"300\" height=\"280\" \/><\/a><\/p>\n<div>\n<p><strong>Grado V \u2013 Neumolog\u00eda<\/strong><\/p>\n<p><strong>Consultante de NEUMOLOGIA<\/strong><\/p>\n<\/div>\n<h1><\/h1>\n<h1>Prof. Director Clinica Quir\u00fargica F. Piso 7 Hospital de Clinicas Dr. Roberto Vali\u00f1as<\/h1>\n<p><a href=\"https:\/\/www.comeca.uy\/web\/wp-content\/uploads\/2015\/08\/vali.jpg\"><img loading=\"lazy\" decoding=\"async\" class=\"alignnone wp-image-629\" src=\"https:\/\/www.comeca.uy\/web\/wp-content\/uploads\/2015\/08\/vali-300x290.jpg\" alt=\"vali\" width=\"351\" height=\"339\" \/><\/a><\/p>\n<div>\n<p><strong>Grado V &#8211; Cirug\u00eda Vascular<\/strong><\/p>\n<\/div>\n<h1>Prof. Agregado Dr. Gustavo Costas<\/h1>\n<div>\n<p><strong>Grado IV \u2013 Otorrinolaringolog\u00eda<\/strong><\/p>\n<p><strong>Consultante de ORL<\/strong><\/p>\n<\/div>\n<h1><\/h1>\n<h1>Profesor Agregado Dr. Pablo Garc\u00eda Podest\u00e1<\/h1>\n<div>\n<p><strong>Grado IV \u2013 Neurolog\u00eda<\/strong><\/p>\n<\/div>\n<h1><\/h1>\n<h1>Profesor Agregado Dr. Gonzalo Costa<\/h1>\n<div>\n<p><strong>Grado IV \u2013 Neuropediatr\u00eda<\/strong><\/p>\n<\/div>\n<h1><\/h1>\n<h1>Profesor Agregado Dr. Daniel Scioscia<\/h1>\n<div>\n<p><strong>Grado IV \u2013 Neurocirug\u00eda<\/strong><\/p>\n<\/div>\n<h1><\/h1>\n<h1>Prof.\u00a0 Agregado Dr. Mario Varangot<\/h1>\n<div>\n<p><strong>Grado IV \u2013 Oncolog\u00eda<\/strong><\/p>\n<\/div>\n<h1><\/h1>\n<h1>Prof. Agregado Dr. Rogelio Freddy Rey Nande<\/h1>\n<div>\n<p><strong>Grado IV \u2013 Ortopedia y Traumatolog\u00eda<\/strong><\/p>\n<p>&nbsp;<\/p>\n<\/div>\n<h1>Prof. Agregado Dr. Ricardo Vaczy Rigoli<\/h1>\n<div>\n<p><strong>Grado IV \u2013 Oftalmolog\u00eda<\/strong><\/p>\n<\/div>\n<h1><\/h1>\n<h1>Prof. Agregado Dr. Alvaro D\u00a8 Ottone<\/h1>\n<div>\n<p><strong>Grado IV \u2013Psiquiatr\u00eda<\/strong><\/p>\n<\/div>\n<h1><\/h1>\n<h1>Prof. Agregado Dr. Walter Pedreira<\/h1>\n<div>\n<p><strong>Grado IV Bacteriolog\u00eda y Virolog\u00eda<\/strong><\/p>\n<\/div>\n<h1><\/h1>\n<h1>Prof. Agregado Dra. Patricia Braga<\/h1>\n<div>\n<p><strong>Grado III \u2013Neurolog\u00eda<\/strong><\/p>\n<\/div>\n<h1><\/h1>\n<h1>Prof. Adjunto Dr. Fernando Gabriel Mart\u00ednez Benia<\/h1>\n<div>\n<p><strong>Grado III \u2013 Neurolog\u00eda<\/strong><\/p>\n<\/div>\n<h1><\/h1>\n<h1>Prof. Adjunto Dr. Daniel Wilson Borovsky<\/h1>\n<div>\n<p><strong>Grado III \u2013 Neurolog\u00eda<\/strong><\/p>\n<\/div>\n<h1><\/h1>\n<h1>Prof. Adjunto Dr. Ramiro Lima<\/h1>\n<div>\n<p><strong>Grado III \u2013 Neurocirug\u00eda<\/strong><\/p>\n<\/div>\n<h1><\/h1>\n<h1>Prof. Adjunto Dr. Osmar Telis Mezquita<\/h1>\n<div>\n<p><strong>Grado III \u2013 Neurocirug\u00eda<\/strong><\/p>\n<\/div>\n<h1>Prof. Adjunto Dr. Ramiro Javier Lima Lantera<\/h1>\n<div>\n<p><strong>Grado III \u2013 Neurolog\u00eda<\/strong><\/p>\n<\/div>\n<h1><\/h1>\n<h1>Prof. Adjunto Dr. Roberto Ventura<\/h1>\n<div>\n<p><strong>Grado III \u2013 Neuropsicolog\u00eda<\/strong><\/p>\n<\/div>\n<h1><\/h1>\n<h1>Prof. Adjunto Dr. Pedro Fernando Alzugaray Fraga<\/h1>\n<div>\n<p><strong>Grado III \u2013 Medicina Intensiva<\/strong><\/p>\n<\/div>\n<h1><\/h1>\n<h1>Prof. Dr\u00a0.\u00a0Alonso Bernardo<\/h1>\n<div>\n<p><strong>Grado III \u2013 Intensivista Pedri\u00e1trico<\/strong><\/p>\n<\/div>\n<p><strong>\u00a0<\/strong><\/p>\n<\/div>\n<\/div>\n","protected":false},"excerpt":{"rendered":"<p>NUESTROS DOCENTES Presentamos a nuestros Docentes , \u00a0Profesores de distintas C\u00e1tedras\u00a0de la Facultad de\u00a0Medicina\u00a0, quienes concurren \u00a0a nuestra\u00a0instituci\u00f3n\u00a0, tanto a ofrecer consultas como a supervisar \u00a0diferentes servicios \u00a0de Comeca. Prof. \u00a0Dr. Gustavo Orlando Rodr\u00edguez Temesio Grado V\u00a0\u2013 Clinica Quirurgica II Hospital Maciel Facultad de M\u00e9dicina Jefe Departamento de\u00a0CIRUGIA Prof. Dr. Juan Andr\u00e9s Alonso Bao Grado [&hellip;]<\/p>\n","protected":false},"author":1,"featured_media":0,"parent":0,"menu_order":0,"comment_status":"closed","ping_status":"closed","template":"","meta":{"footnotes":""},"class_list":["post-181","page","type-page","status-publish","hentry"],"_links":{"self":[{"href":"https:\/\/comeca.uy\/web\/wp-json\/wp\/v2\/pages\/181","targetHints":{"allow":["GET"]}}],"collection":[{"href":"https:\/\/comeca.uy\/web\/wp-json\/wp\/v2\/pages"}],"about":[{"href":"https:\/\/comeca.uy\/web\/wp-json\/wp\/v2\/types\/page"}],"author":[{"embeddable":true,"href":"https:\/\/comeca.uy\/web\/wp-json\/wp\/v2\/users\/1"}],"replies":[{"embeddable":true,"href":"https:\/\/comeca.uy\/web\/wp-json\/wp\/v2\/comments?post=181"}],"version-history":[{"count":0,"href":"https:\/\/comeca.uy\/web\/wp-json\/wp\/v2\/pages\/181\/revisions"}],"wp:attachment":[{"href":"https:\/\/comeca.uy\/web\/wp-json\/wp\/v2\/media?parent=181"}],"curies":[{"name":"wp","href":"https:\/\/api.w.org\/{rel}","templated":true}]}}