{"id":149,"date":"2015-08-06T12:51:10","date_gmt":"2015-08-06T15:51:10","guid":{"rendered":"http:\/\/www.comeca.uy\/web\/?page_id=149"},"modified":"2015-08-06T12:51:10","modified_gmt":"2015-08-06T15:51:10","slug":"mision-vision-y-valores","status":"publish","type":"page","link":"https:\/\/comeca.uy\/web\/mision-vision-y-valores\/","title":{"rendered":"Misi\u00f3n, Visi\u00f3n y Valores"},"content":{"rendered":"<div class=\"itemBody\">\n<div class=\"itemFullText\"><\/div>\n<p><strong>\u00a0Misi\u00f3n:<\/strong> Ser una empresa que brinda servicios integrales de salud, logrando la satisfacci\u00f3n de sus clientes mediante una eficiente gesti\u00f3n de sus recursos humanos y materiales.<\/p>\n<p><strong>Visi\u00f3n:<\/strong><\/p>\n<ul>\n<li>Continuar a la vanguardia en servicios de salud integrales, oportunos, de calidad y con calidez humana, sustentados en los principios de seguridad del paciente.<\/li>\n<li>Desarrollar un proceso de mejora continua basado en la capacitaci\u00f3n de recursos humanos, el perfeccionamiento de los est\u00e1ndares de seguridad laboral, la incorporaci\u00f3n de tecnolog\u00eda y una adecuaci\u00f3n permanente de instalaciones.<\/li>\n<li>Generar un \u00e1mbito de integraci\u00f3n y compromiso laboral en un marco de responsabilidad social.<\/li>\n<li>Fomentar y generar emprendimientos de salud en concordancia con los estatutos de FEPREMI y las pol\u00edticas nacionales de salud.<\/li>\n<\/ul>\n<p><strong>Valores:<\/strong><\/p>\n<ul>\n<li>Honestidad<\/li>\n<li>Tolerancia y respeto a la dignidad del ser humano<\/li>\n<li>\u00a0Solidaridad<\/li>\n<li>Eficiencia en el desempe\u00f1o de la funci\u00f3n<\/li>\n<li>Capacitaci\u00f3n permanente<\/li>\n<li>\u00d3ptima atenci\u00f3n al cliente<\/li>\n<li>Comunicaci\u00f3n y cooperaci\u00f3n<\/li>\n<\/ul>\n<div class=\"clr\"><\/div>\n<\/div>\n<div class=\"itemLinks\"><\/div>\n<div class=\"clr\"><\/div>\n<p>&nbsp;<\/p>\n","protected":false},"excerpt":{"rendered":"<p>\u00a0Misi\u00f3n: Ser una empresa que brinda servicios integrales de salud, logrando la satisfacci\u00f3n de sus clientes mediante una eficiente gesti\u00f3n de sus recursos humanos y materiales. Visi\u00f3n: Continuar a la vanguardia en servicios de salud integrales, oportunos, de calidad y con calidez humana, sustentados en los principios de seguridad del paciente. Desarrollar un proceso de [&hellip;]<\/p>\n","protected":false},"author":1,"featured_media":0,"parent":0,"menu_order":0,"comment_status":"closed","ping_status":"closed","template":"","meta":{"footnotes":""},"class_list":["post-149","page","type-page","status-publish","hentry"],"_links":{"self":[{"href":"https:\/\/comeca.uy\/web\/wp-json\/wp\/v2\/pages\/149","targetHints":{"allow":["GET"]}}],"collection":[{"href":"https:\/\/comeca.uy\/web\/wp-json\/wp\/v2\/pages"}],"about":[{"href":"https:\/\/comeca.uy\/web\/wp-json\/wp\/v2\/types\/page"}],"author":[{"embeddable":true,"href":"https:\/\/comeca.uy\/web\/wp-json\/wp\/v2\/users\/1"}],"replies":[{"embeddable":true,"href":"https:\/\/comeca.uy\/web\/wp-json\/wp\/v2\/comments?post=149"}],"version-history":[{"count":0,"href":"https:\/\/comeca.uy\/web\/wp-json\/wp\/v2\/pages\/149\/revisions"}],"wp:attachment":[{"href":"https:\/\/comeca.uy\/web\/wp-json\/wp\/v2\/media?parent=149"}],"curies":[{"name":"wp","href":"https:\/\/api.w.org\/{rel}","templated":true}]}}