{"id":145,"date":"2015-08-06T12:48:17","date_gmt":"2015-08-06T15:48:17","guid":{"rendered":"http:\/\/www.comeca.uy\/web\/?page_id=145"},"modified":"2015-08-06T12:48:17","modified_gmt":"2015-08-06T15:48:17","slug":"historia","status":"publish","type":"page","link":"https:\/\/comeca.uy\/web\/historia\/","title":{"rendered":"Historia"},"content":{"rendered":"<p><img loading=\"lazy\" decoding=\"async\" class=\"aligncenter wp-image-146 \" src=\"https:\/\/www.comeca.uy\/web\/wp-content\/uploads\/2015\/08\/fachada_comeca.jpg\" alt=\"fachada_comeca\" width=\"534\" height=\"290\" \/><\/p>\n<p>&nbsp;<\/p>\n<p>Nuestra historia tiene que ver con la evoluci\u00f3n del nivel de asistencia m\u00e9dica de la regi\u00f3n noroeste del departamento de Canelones.<\/p>\n<p>&nbsp;<\/p>\n<p>Comeca\u00a0fue fundada el 5 de mayo de 1978 como una Instituci\u00f3n de Asistencia M\u00e9dica Colectiva\u00a0\u00a0con el objetivo de promover, prevenir, asistir y rehabilitar en todas las etapas de la vida a sus afiliados, tendiendo a mejorar el nivel sanitario de la comunidad toda.<\/p>\n<p>&nbsp;<\/p>\n<p>Para ello prestamos servicios asistenciales en todas las localidades de nuestra zona de influencia ampliando permanentemente la oferta de especialidades y la estructura del primer nivel de atenci\u00f3n en la propia zona de residencia del usuario.<\/p>\n<p>&nbsp;<\/p>\n<p>Hemos centralizado en las principales urbes del \u00e1rea, las ciudades de Canelones y Santa Luc\u00eda, la internaci\u00f3n y el desarrollo de t\u00e9cnicas\u00a0\u00a0especializadas.<\/p>\n<p>&nbsp;<\/p>\n<p>Apostamos a\u00a0la educaci\u00f3n, a la prevenci\u00f3n, y a la atenci\u00f3n primaria desde principios de la d\u00e9cada del 90, cuando comenzamos a construir<\/p>\n<p>programas especiales enfocados a atender las necesidades sanitarias de la poblaci\u00f3n.<\/p>\n<p>&nbsp;<\/p>\n<p>Por esta labor hemos recibido acreditaciones\u00a0nacionales e internacionales,\u00a0que reconocen la metodolog\u00eda de trabajo y el compromiso con diferentes temas que hacen a la salud de nuestra gente.<\/p>\n<p>&nbsp;<\/p>\n<p>Entre otros la\u00a0Organizaci\u00f3n Panamericana de\u00a0la Salud y el Ministerio de Salud P\u00fablica nos han acreditado como Hospital Amigo del Ni\u00f1o y como Instituci\u00f3n Libre de Humo de Tabaco; la\u00a0Escuela de Graduados de la Facultad de Medicina nos design\u00f3 como instituci\u00f3n para realizar Educaci\u00f3n M\u00e9dica Continua; y la Facultad de Enfermer\u00eda del Uruguay nos env\u00eda sus estudiantes para realizar aqu\u00ed el \u00faltimo a\u00f1o de carrera en licenciatura.<\/p>\n<p>Las Escuelas de Enfermer\u00eda privadas nos env\u00edan estudiantes que cursan &#8220;Auxiliar de Registros M\u00e9dicos y Auxiliar de Farmacia para que realicen sus pr\u00e1cticas en los respectivos servicios&#8221;<\/p>\n<p>&nbsp;<\/p>\n<p>Creemos en la integraci\u00f3n regional mediante la complementaci\u00f3n de servicios y actuamos a favor de ello siendo integrantes del Sistema Femi.<\/p>\n<p>&nbsp;<\/p>\n<p>Dentro de la Regional Centro Sur del \u00fanico sistema nacional de salud privada del pa\u00eds, somos activos impulsores y hacedores de una pol\u00edtica de coordinaci\u00f3n que ha favorecido la creaci\u00f3n y el desarrollo de centros de asistencia, propiedad de las cooperativas m\u00e9dicas federadas de la zona, que con una estrat\u00e9gica ubicaci\u00f3n realizan t\u00e9cnicas de alta complejidad elevado costo y baja demanda, con un presupuesto accesible y resultados comparables con centros de referencia en la regi\u00f3n y el mundo.<\/p>\n","protected":false},"excerpt":{"rendered":"<p>&nbsp; Nuestra historia tiene que ver con la evoluci\u00f3n del nivel de asistencia m\u00e9dica de la regi\u00f3n noroeste del departamento de Canelones. &nbsp; Comeca\u00a0fue fundada el 5 de mayo de 1978 como una Instituci\u00f3n de Asistencia M\u00e9dica Colectiva\u00a0\u00a0con el objetivo de promover, prevenir, asistir y rehabilitar en todas las etapas de la vida a sus [&hellip;]<\/p>\n","protected":false},"author":1,"featured_media":0,"parent":0,"menu_order":0,"comment_status":"closed","ping_status":"closed","template":"","meta":{"footnotes":""},"class_list":["post-145","page","type-page","status-publish","hentry"],"_links":{"self":[{"href":"https:\/\/comeca.uy\/web\/wp-json\/wp\/v2\/pages\/145","targetHints":{"allow":["GET"]}}],"collection":[{"href":"https:\/\/comeca.uy\/web\/wp-json\/wp\/v2\/pages"}],"about":[{"href":"https:\/\/comeca.uy\/web\/wp-json\/wp\/v2\/types\/page"}],"author":[{"embeddable":true,"href":"https:\/\/comeca.uy\/web\/wp-json\/wp\/v2\/users\/1"}],"replies":[{"embeddable":true,"href":"https:\/\/comeca.uy\/web\/wp-json\/wp\/v2\/comments?post=145"}],"version-history":[{"count":0,"href":"https:\/\/comeca.uy\/web\/wp-json\/wp\/v2\/pages\/145\/revisions"}],"wp:attachment":[{"href":"https:\/\/comeca.uy\/web\/wp-json\/wp\/v2\/media?parent=145"}],"curies":[{"name":"wp","href":"https:\/\/api.w.org\/{rel}","templated":true}]}}