{"id":130,"date":"2015-06-10T11:50:18","date_gmt":"2015-06-10T14:50:18","guid":{"rendered":"http:\/\/www.comeca.uy\/web\/?page_id=130"},"modified":"2026-03-18T16:31:24","modified_gmt":"2026-03-18T19:31:24","slug":"autoridades","status":"publish","type":"page","link":"https:\/\/comeca.uy\/web\/autoridades\/","title":{"rendered":"Autoridades"},"content":{"rendered":"\n<p class=\"has-text-align-center\"><strong>Consejo Directivo<\/strong><\/p>\n\n\n\n<p class=\"has-text-align-center\"><strong>Presidente: Dr. Carlos Pan<br>Vicepresidente: Dra.Daniela Su\u00e1rez<br>Secretaria General: Dra.Luc\u00eda Vignoli<br>Tesorero: Dr.Alberto Baubeta<br>Secretaria RRPP: : Dra.Teresita Silva<br><br><br>DIRECCIONES<br>Director T\u00e9cnico: Dr. Gabriel Su\u00e1rez<br>Sub Director T\u00e9cnico: Dr. Sergio Burguez<br><br><br>Director de Sanatorios: Dr.Gabriel Sehabiaga<br>Adjuntos al Director de Sanatorios: Dra.Mariana Sottolano y Dr.Rodrigo Ant\u00fanez<br>Encargada de Sanatorio 2: Dra.Macarena Fontes<br><br>Director de Asistencia M\u00e9dica: Dr. Jorge Guti\u00e9rrez<br>Sub Directora de Asistencia M\u00e9dica: Dra. Leticia Castro<br>Adjuntos a Direcci\u00f3n Asistencial:Dra.Magela Barros y Dra.Viviana Castro <br>Encargada de Asistencia M\u00e9dica Santa Lucia Dra.Gretel Morena<br>Adjunto a Encargada de Asist.M\u00e9dica Santa Luc\u00eda : Dr.Gabriel Tomeo<\/strong><\/p>\n\n\n\n<p class=\"has-text-align-center\"><strong><br>Directora de Recursos Materiales: Dra. Ver\u00f3nica Ferr\u00faa<br>Sub Director de Recursos Materiales: Dr. Diego Casta\u00f1ola<br>Adjunta a Dir.Recursos Materiales : Dra.Paola Alcarraz<\/strong><\/p>\n\n\n\n<p class=\"has-text-align-center\"><strong><br>Director de Filiales Dra.Rosario Goyetche<\/strong><\/p>\n\n\n\n<p><\/p>\n","protected":false},"excerpt":{"rendered":"<p>Consejo Directivo Presidente: Dr. Carlos PanVicepresidente: Dra.Daniela Su\u00e1rezSecretaria General: Dra.Luc\u00eda VignoliTesorero: Dr.Alberto BaubetaSecretaria RRPP: : Dra.Teresita Silva DIRECCIONESDirector T\u00e9cnico: Dr. Gabriel Su\u00e1rezSub Director T\u00e9cnico: Dr. Sergio Burguez Director de Sanatorios: Dr.Gabriel SehabiagaAdjuntos al Director de Sanatorios: Dra.Mariana Sottolano y Dr.Rodrigo Ant\u00fanezEncargada de Sanatorio 2: Dra.Macarena Fontes Director de Asistencia M\u00e9dica: Dr. Jorge Guti\u00e9rrezSub Directora de [&hellip;]<\/p>\n","protected":false},"author":1,"featured_media":0,"parent":0,"menu_order":0,"comment_status":"closed","ping_status":"closed","template":"","meta":{"footnotes":""},"class_list":["post-130","page","type-page","status-publish","hentry"],"_links":{"self":[{"href":"https:\/\/comeca.uy\/web\/wp-json\/wp\/v2\/pages\/130","targetHints":{"allow":["GET"]}}],"collection":[{"href":"https:\/\/comeca.uy\/web\/wp-json\/wp\/v2\/pages"}],"about":[{"href":"https:\/\/comeca.uy\/web\/wp-json\/wp\/v2\/types\/page"}],"author":[{"embeddable":true,"href":"https:\/\/comeca.uy\/web\/wp-json\/wp\/v2\/users\/1"}],"replies":[{"embeddable":true,"href":"https:\/\/comeca.uy\/web\/wp-json\/wp\/v2\/comments?post=130"}],"version-history":[{"count":4,"href":"https:\/\/comeca.uy\/web\/wp-json\/wp\/v2\/pages\/130\/revisions"}],"predecessor-version":[{"id":3788,"href":"https:\/\/comeca.uy\/web\/wp-json\/wp\/v2\/pages\/130\/revisions\/3788"}],"wp:attachment":[{"href":"https:\/\/comeca.uy\/web\/wp-json\/wp\/v2\/media?parent=130"}],"curies":[{"name":"wp","href":"https:\/\/api.w.org\/{rel}","templated":true}]}}